{"id":3,"date":"2025-05-27T18:02:43","date_gmt":"2025-05-27T16:02:43","guid":{"rendered":"https:\/\/berriesstudio.pl\/?page_id=3"},"modified":"2026-03-18T19:36:51","modified_gmt":"2026-03-18T18:36:51","slug":"polityka-prywatnosci","status":"publish","type":"page","link":"https:\/\/berriesstudio.pl\/?page_id=3","title":{"rendered":"Polityka prywatno\u015bci"},"content":{"rendered":"\t\t<div data-elementor-type=\"wp-page\" data-elementor-id=\"3\" class=\"elementor elementor-3\">\n\t\t\t\t<div class=\"elementor-element elementor-element-32491ee6 e-flex e-con-boxed e-con e-parent\" data-id=\"32491ee6\" data-element_type=\"container\" data-e-type=\"container\">\n\t\t\t\t\t<div class=\"e-con-inner\">\n\t\t\t\t<div class=\"elementor-element elementor-element-5f38ae22 elementor-widget elementor-widget-text-editor\" data-id=\"5f38ae22\" data-element_type=\"widget\" data-e-type=\"widget\" data-widget_type=\"text-editor.default\">\n\t\t\t\t<div class=\"elementor-widget-container\">\n\t\t\t\t\t\t\t\t\t\n<p><strong>Drogi U\u017cytkowniku!<\/strong><\/p>\n<p>Dbamy o Twoj\u0105 prywatno\u015b\u0107 i chcemy, aby\u015b w czasie korzystania z naszych us\u0142ug czu\u0142 si\u0119 komfortowo. Dlatego te\u017c poni\u017cej prezentujemy Ci najwa\u017cniejsze informacje o zasadach przetwarzania przez nas Twoich danych osobowych oraz plikach cookies, kt\u00f3re s\u0105 wykorzystywane przez nasz Sklep. Informacje te zosta\u0142y przygotowane z uwzgl\u0119dnieniem RODO, czyli og\u00f3lnego rozporz\u0105dzenia o ochronie danych.<\/p>\n<h2 class=\"wp-block-heading\">ADMINISTRATOR DANYCH OSOBOWYCH (\u201eAdministrator\u201d)<\/h2>\n<p>Jagoda Kurpiel-Mirocha , przedsi\u0119biorca prowadz\u0105cy dzia\u0142alno\u015b\u0107 gospodarcz\u0105 pod nazw\u0105 BERRIES studio JAGODA KURPIEL-MIROCHA, wpisany do Centralnej Ewidencji i Informacji o Dzia\u0142alno\u015bci Gospodarczej prowadzonej przez ministra w\u0142a\u015bciwego do spraw gospodarki i prowadzenia Centralnej Ewidencji i Informacji o Dzia\u0142alno\u015bci Gospodarczej, NIP 9442294109, nr REGON 541425025, ul. Nowina 41, 32-051\u00a0Wielkie Drogi.<\/p>\n<h2>DANE OSOBOWE I PRYWATNO\u015a\u0106<\/h2>\n<p>Je\u015bli zamierzasz za\u0142o\u017cy\u0107 Konto U\u017cytkownika oraz korzysta\u0107 z naszych us\u0142ug, zostaniesz poproszony o podanie nam Twoich danych osobowych.<br \/>Twoje dane przetwarzane s\u0105 przez nas we wskazanych poni\u017cej celach, zwi\u0105zanych z funkcjonowaniem Sklepu i \u015bwiadczeniem us\u0142ug w nim oferowanych (\u201eUs\u0142ugi\u201d).<\/p>\n<p><strong>Cel przetwarzania:<\/strong><\/p>\n<p>W zale\u017cno\u015bci od tego, na co si\u0119 zdecydujesz, mo\u017ce to by\u0107:<\/p>\n<ul>\n<li>\u015awiadczenie us\u0142ug oferowanych w Sklepie<\/li>\n<li>Realizacja Twoich zam\u00f3wie\u0144<\/li>\n<li>Marketing bezpo\u015bredni<\/li>\n<li>Przesy\u0142anie newslettera<\/li>\n<\/ul>\n<p><strong>Podstawa przetwarzania:<\/strong><\/p>\n<p>Umowa sprzeda\u017cy lub dzia\u0142ania podejmowane na Twoje \u017c\u0105danie, zmierzaj\u0105ce do jej zawarcia (art. 6 ust. 1 lit. b RODO)<\/p>\n<ul>\n<li>Ci\u0105\u017c\u0105cy na nas obowi\u0105zek prawny, np. zwi\u0105zany z rachunkowo\u015bci\u0105 (art. 6 ust. 1 lit. c RODO)<\/li>\n<li>Twoja zgoda wyra\u017cona w Sklepie (art. 6 ust. 1 lit. a RODO)<\/li>\n<li>Umowa o \u015bwiadczenie us\u0142ug lub dzia\u0142ania podejmowane na Twoje \u017c\u0105danie, zmierzaj\u0105ce do jej zawarcia (art. 6 ust. 1 lit. b RODO)<\/li>\n<li>Nasz prawnie uzasadniony interes, polegaj\u0105cy na przetwarzaniu danych w celu ustalenia, dochodzenia lub obrony ewentualnych roszcze\u0144 (art. 6 ust. 1 lit. f RODO)<\/li>\n<li>Nasz prawnie uzasadniony interes, polegaj\u0105cy na prowadzeniu marketingu bezpo\u015bredniego (art. 6 ust. 1 lit. f RODO)<\/li>\n<li>Nasz prawnie uzasadniony interes polegaj\u0105cy na przetwarzaniu danych w celach analitycznych i statystycznych\u00a0(art. 6 ust. 1 lit. f RODO)<\/li>\n<li>Nasz prawnie uzasadniony interes polegaj\u0105cy na\u00a0badaniu satysfakcji klient\u00f3w (art. 6 ust. 1 lit. f RODO)<\/li>\n<\/ul>\n<p><strong>Podanie danych:<\/strong><\/p>\n<ul>\n<li>Dobrowolne, ale w niekt\u00f3rych przypadkach mo\u017ce by\u0107 konieczne do zawarcia umowy.<\/li>\n<\/ul>\n<p><strong>Skutek niepodania danych:<\/strong><\/p>\n<p>W zale\u017cno\u015bci od celu, w jakim dane s\u0105 podawane:<\/p>\n<ul>\n<li>brak mo\u017cliwo\u015bci zarejestrowania si\u0119 w Sklepie<\/li>\n<li>brak mo\u017cliwo\u015bci korzystania z us\u0142ug Sklepu<\/li>\n<li>brak mo\u017cliwo\u015bci dokonania zakup\u00f3w w Sklepie<\/li>\n<li>brak mo\u017cliwo\u015bci otrzymywania informacji o promocjach czy ofertach specjalnych, oferowanych w Sklepie<\/li>\n<\/ul>\n<p><strong>Mo\u017cliwo\u015b\u0107 cofni\u0119cia zgody:<\/strong><\/p>\n<ul>\n<li>w ka\u017cdej chwili<\/li>\n<\/ul>\n<p>Przetwarzanie danych do momentu cofni\u0119cia przez Ciebie zgody pozostaje zgodne z prawem.<\/p>\n<h2>PROFILOWANIE<\/h2>\n<p>W ramach Sklepu mo\u017cemy automatycznie dopasowywa\u0107 pewne tre\u015bci do Twoich potrzeb, tj. dokonywa\u0107 profilowania, wykorzystuj\u0105c do tego podane przez Ciebie dane osobowe.<\/p>\n<p>W przypadku, gdyby profilowanie mog\u0142o skutkowa\u0107 podejmowaniem decyzji wywo\u0142uj\u0105cych wobec Ciebie skutki prawne lub wp\u0142ywaj\u0105cych na Ciebie w podobnie istotny spos\u00f3b, b\u0119dziemy je przeprowadza\u0107 tylko wtedy, gdy wyrazisz na to zgod\u0119.<\/p>\n<p>Pami\u0119taj, \u017ce zgod\u0119 w ka\u017cdej chwili mo\u017cesz odwo\u0142a\u0107. Przetwarzanie danych do momentu cofni\u0119cia przez Ciebie zgody pozostaje zgodne z prawem.<\/p>\n<h2>OKRES PRZETWARZANIA<\/h2>\n<p>Twoje dane b\u0119dziemy przetwarza\u0107 tylko przez okres, w kt\u00f3rym b\u0119dziemy mie\u0107 ku temu podstaw\u0119 prawn\u0105, a wi\u0119c do momentu, w kt\u00f3rym:<\/p>\n<ul>\n<li>przestanie ci\u0105\u017cy\u0107 na nas obowi\u0105zek prawny, zobowi\u0105zuj\u0105cy nas do przetwarzania Twoich danych<\/li>\n<li>ustanie mo\u017cliwo\u015b\u0107 ustalania, dochodzenia lub obrony ewentualnych roszcze\u0144 zwi\u0105zanych z umow\u0105 zawart\u0105 przez Sklep przez strony<\/li>\n<li>cofniesz zgod\u0119 na przetwarzanie danych, je\u015bli to ona by\u0142a jego podstaw\u0105<\/li>\n<li>zostanie przyj\u0119ty Tw\u00f3j sprzeciw wobec przetwarzania Twoich danych osobowych \u2013 w przypadku gdy podstaw\u0105 przetwarzania Twoich danych by\u0142 uzasadniony interes administratora lub gdy dane by\u0142y przetwarzane w celu marketingu bezpo\u015bredniego, w tym profilowania<\/li>\n<\/ul>\n<p>\u2013 w zale\u017cno\u015bci od tego, co ma zastosowanie w danym przypadku i co nast\u0105pi najp\u00f3\u017aniej.<\/p>\n<h2>BEZPIECZE\u0143STWO DANYCH<\/h2>\n<p>Przetwarzaj\u0105c Twoje dane osobowe stosujemy \u015brodki organizacyjne i techniczne zgodne z w\u0142a\u015bciwymi przepisami prawa, w tym stosujemy szyfrowanie po\u0142\u0105czenia za pomoc\u0105 certyfikatu SSL.<\/p>\n<h2>TWOJE UPRAWNIENIA<\/h2>\n<p>Przys\u0142uguje Ci prawo \u017c\u0105dania:<\/p>\n<ul>\n<li>dost\u0119pu do Twoich danych osobowych,<\/li>\n<li>ich sprostowania,<\/li>\n<li>usuni\u0119cia,<\/li>\n<li>ograniczenia przetwarzania,<\/li>\n<li>\u017c\u0105dania przeniesienia danych do innego administratora,<\/li>\n<\/ul>\n<p>A tak\u017ce:<\/p>\n<ul>\n<li>wniesienia w dowolnym momencie sprzeciwu wobec przetwarzania Twoich danych:\n<ul>\n<li>z przyczyn zwi\u0105zanych z Twoj\u0105 szczeg\u00f3ln\u0105 sytuacj\u0105 \u2013 wobec przetwarzania dotycz\u0105cych Ciebie danych osobowych, opartego na art. 6 ust. 1 lit. f RODO (tj. na prawnie uzasadnionych interesach realizowanych przez administratora), w tym profilowania na podstawie tych przepis\u00f3w,<\/li>\n<li>je\u017celi dane osobowe s\u0105 przetwarzane na potrzeby marketingu bezpo\u015bredniego, w tym profilowania, w zakresie, w jakim przetwarzanie jest zwi\u0105zane z takim marketingiem bezpo\u015brednim.<\/li>\n<\/ul>\n<\/li>\n<\/ul>\n<p>Skontaktuj si\u0119 z nami, je\u015bli chcesz skorzysta\u0107 ze swoich praw.<\/p>\n<p>Je\u015bli uznasz, \u017ce Twoje dane s\u0105 przetwarzane niezgodnie z prawem, mo\u017cesz z\u0142o\u017cy\u0107 skarg\u0119 do organu nadzorczego.<\/p>\n<h2>CIASTECZKA<\/h2>\n<p>Nasz Sklep, jak wi\u0119kszo\u015b\u0107 witryn internetowych, korzysta z tzw. plik\u00f3w cookies (ciasteczek). Pliki te:<\/p>\n<ul>\n<li>s\u0105 zapisywane w pami\u0119ci Twojego urz\u0105dzenia (komputera, telefonu, itd.)<\/li>\n<li>umo\u017cliwiaj\u0105 Ci, m.in., korzystanie ze wszystkich funkcji Sklepu<\/li>\n<li>nie powoduj\u0105 zmian w ustawieniach Twojego urz\u0105dzenia<\/li>\n<\/ul>\n<p>Korzystaj\u0105c z odpowiednich opcji Twojej przegl\u0105darki, w ka\u017cdej chwili mo\u017cesz:<\/p>\n<ul>\n<li>usun\u0105\u0107 pliki cookies<\/li>\n<li>blokowa\u0107 wykorzystanie plik\u00f3w cookies w przysz\u0142o\u015bci<\/li>\n<\/ul>\n<p>W tym Sklepie ciasteczka wykorzystywane s\u0105 w celu:<\/p>\n<ul>\n<li>zapami\u0119tywania informacji o Twojej sesji<\/li>\n<li>statystycznym<\/li>\n<li>marketingowym<\/li>\n<li>udost\u0119pniania funkcji Sklepu<\/li>\n<\/ul>\n<p>Aby dowiedzie\u0107 si\u0119 jak zarz\u0105dza\u0107 plikami cookies, w tym jak wy\u0142\u0105czy\u0107 ich obs\u0142ug\u0119 w Twojej przegl\u0105darce, mo\u017cesz skorzysta\u0107 z pliku pomocy Twojej przegl\u0105darki. Z informacjami na ten temat mo\u017cesz zapozna\u0107 si\u0119 wciskaj\u0105c klawisz F1 w przegl\u0105darce. Ponadto odpowiednie wskaz\u00f3wki znajdziesz na nast\u0119puj\u0105cych podstronach, w zale\u017cno\u015bci od przegl\u0105darki, kt\u00f3rej u\u017cywasz:<\/p>\n<ul>\n<li><a href=\"https:\/\/support.mozilla.org\/pl\/kb\/W%C5%82%C4%85czanie%20i%20wy%C5%82%C4%85czanie%20obs%C5%82ugi%20ciasteczek\" target=\"_blank\" rel=\"noreferrer noopener\">Firefox<\/a><\/li>\n<li><a href=\"https:\/\/support.google.com\/chrome\/answer\/95647?hl=plX\" target=\"_blank\" rel=\"noreferrer noopener\">Chrome<\/a><\/li>\n<li><a href=\"https:\/\/support.apple.com\/kb\/PH5042?locale=en_US\" target=\"_blank\" rel=\"noreferrer noopener\">Safari<\/a><\/li>\n<li><a href=\"http:\/\/windows.microsoft.com\/pl-pl\/windows-10\/edge-privacy-faq\" target=\"_blank\" rel=\"noreferrer noopener\">Internet Explorer \/ Microsoft Edge<\/a><\/li>\n<\/ul>\n<p>Wi\u0119cej informacji o ciasteczkach znajdziesz w\u00a0<a href=\"https:\/\/pl.wikipedia.org\/wiki\/HTTP_cookie\" target=\"_blank\" rel=\"noreferrer noopener\">Wikipedii<\/a>.<\/p>\n<h2>US\u0141UGI ZEWN\u0118TRZNE \/ ODBIORCY DANYCH<\/h2>\n<p>Korzystamy z us\u0142ug podmiot\u00f3w zewn\u0119trznych, kt\u00f3rym mog\u0105 by\u0107 przekazywane Twoje dane. Poni\u017cej znajduje si\u0119 lista mo\u017cliwych odbiorc\u00f3w Twoich danych:<\/p>\n<ul>\n<li>dostawca oprogramowania potrzebnego do prowadzenia sklepu internetowego<\/li>\n<li>podmiot realizuj\u0105cy dostaw\u0119 towar\u00f3w<\/li>\n<li>dostawca p\u0142atno\u015bci<\/li>\n<li>biuro ksi\u0119gowe<\/li>\n<li>osoby wsp\u00f3\u0142pracuj\u0105ce z Tob\u0105 na podstawie um\u00f3w cywilnoprawnych, wspieraj\u0105ce Twoj\u0105 bie\u017c\u0105c\u0105 dzia\u0142alno\u015b\u0107<\/li>\n<li>dostawca oprogramowania u\u0142atwiaj\u0105cego prowadzenie dzia\u0142alno\u015bci (np. oprogramowanie ksi\u0119gowe)<\/li>\n<li>podmiot zapewniaj\u0105cy us\u0142ugi marketingowe<\/li>\n<li>odpowiednie organy publiczne w zakresie, w jakim Administrator jest zobowi\u0105zany do udost\u0119pnienia im danych<br \/>Na naszych stronach podmioty trzecie zamieszczaj\u0105 informacje w formie plik\u00f3w cookies (tzw.ciasteczek) i innych podobnych technologii na Twoim urz\u0105dzeniu ko\u0144cowym (np. komputerze,smartfonie) oraz uzyskuj\u0105 do nich dost\u0119p. To nasi zaufani partnerzy z kt\u00f3rymi stale wsp\u00f3\u0142pracujemy,\u00a0aby dostosowa\u0107 do Twoich potrzeb i zainteresowa\u0144 reklamy na naszych i ich stronach, a tak\u017ceus\u0142ugi, kt\u00f3re dostarczamy my i nasi zaufani partnerzy. Takim zaufanym partnerem s\u0105 podmioty zgrupy kapita\u0142owej Wirtualnej Polski.<\/li>\n<\/ul>\n<h2>KONTAKT Z ADMINISTRATOREM<\/h2>\n<p>Chcesz skorzysta\u0107 ze swoich uprawnie\u0144 dotycz\u0105cych danych osobowych?<\/p>\n<p>A mo\u017ce po prostu chcesz zapyta\u0107 o co\u015b zwi\u0105zanego z nasz\u0105 Polityk\u0105 Prywatno\u015bci?<\/p>\n<p>Napisz na adres e-mail:<br \/>kontakt@berriesstudio.pl<\/p>\n\t\t\t\t\t\t\t\t<\/div>\n\t\t\t\t<\/div>\n\t\t\t\t\t<\/div>\n\t\t\t\t<\/div>\n\t\t\t\t<\/div>\n\t\t","protected":false},"excerpt":{"rendered":"<p>Drogi U\u017cytkowniku! Dbamy o Twoj\u0105 prywatno\u015b\u0107 i chcemy, aby\u015b w czasie korzystania z naszych us\u0142ug czu\u0142 si\u0119 komfortowo. Dlatego te\u017c poni\u017cej prezentujemy Ci najwa\u017cniejsze informacje o zasadach przetwarzania przez nas&hellip;<\/p>\n","protected":false},"author":1,"featured_media":0,"parent":0,"menu_order":0,"comment_status":"closed","ping_status":"open","template":"elementor_theme","meta":{"footnotes":""},"class_list":["post-3","page","type-page","status-publish","hentry"],"_links":{"self":[{"href":"https:\/\/berriesstudio.pl\/index.php?rest_route=\/wp\/v2\/pages\/3","targetHints":{"allow":["GET"]}}],"collection":[{"href":"https:\/\/berriesstudio.pl\/index.php?rest_route=\/wp\/v2\/pages"}],"about":[{"href":"https:\/\/berriesstudio.pl\/index.php?rest_route=\/wp\/v2\/types\/page"}],"author":[{"embeddable":true,"href":"https:\/\/berriesstudio.pl\/index.php?rest_route=\/wp\/v2\/users\/1"}],"replies":[{"embeddable":true,"href":"https:\/\/berriesstudio.pl\/index.php?rest_route=%2Fwp%2Fv2%2Fcomments&post=3"}],"version-history":[{"count":7,"href":"https:\/\/berriesstudio.pl\/index.php?rest_route=\/wp\/v2\/pages\/3\/revisions"}],"predecessor-version":[{"id":3595,"href":"https:\/\/berriesstudio.pl\/index.php?rest_route=\/wp\/v2\/pages\/3\/revisions\/3595"}],"wp:attachment":[{"href":"https:\/\/berriesstudio.pl\/index.php?rest_route=%2Fwp%2Fv2%2Fmedia&parent=3"}],"curies":[{"name":"wp","href":"https:\/\/api.w.org\/{rel}","templated":true}]}}