{"id":3141,"date":"2021-05-06T07:59:15","date_gmt":"2021-05-06T07:59:15","guid":{"rendered":"https:\/\/konte.uix.store\/?page_id=3141"},"modified":"2025-06-06T08:59:06","modified_gmt":"2025-06-06T06:59:06","slug":"home-v2","status":"publish","type":"page","link":"https:\/\/berriesstudio.pl\/","title":{"rendered":"Home v2"},"content":{"rendered":"\t\t<div data-elementor-type=\"wp-page\" data-elementor-id=\"3141\" class=\"elementor elementor-3141\">\n\t\t\t\t\t\t<section class=\"elementor-section elementor-top-section elementor-element elementor-element-753c elementor-section-boxed elementor-section-height-default elementor-section-height-default\" data-id=\"753c\" data-element_type=\"section\" data-e-type=\"section\">\n\t\t\t\t\t\t<div class=\"elementor-container elementor-column-gap-no\">\n\t\t\t\t\t<div class=\"elementor-column elementor-col-100 elementor-top-column elementor-element elementor-element-7b2f\" data-id=\"7b2f\" data-element_type=\"column\" data-e-type=\"column\">\n\t\t\t<div class=\"elementor-widget-wrap elementor-element-populated\">\n\t\t\t\t\t\t<div class=\"elementor-element elementor-element-650e elementor-widget elementor-widget-slider_revolution\" data-id=\"650e\" data-element_type=\"widget\" data-e-type=\"widget\" data-widget_type=\"slider_revolution.default\">\n\t\t\t\t<div class=\"elementor-widget-container\">\n\t\t\t\t\t\n\t\t<div class=\"wp-block-themepunch-revslider\">\n\t\t\t\t<p class=\"rs-p-wp-fix\"><\/p>\n\t\t\t\t<sr7-module data-alias=\"home-2\" data-id=\"1\" id=\"SR7_1_1\" class=\"rs-ov-hidden\" data-version=\"6.7.33\">\n\t\t\t\t\t<sr7-adjuster><\/sr7-adjuster>\n\t\t\t\t\t<sr7-content>\n\t\t\t\t\t\t<sr7-slide id=\"SR7_1_1-1\" data-key=\"1\">\n\t\t\t\t\t\t\t<sr7-bg id=\"SR7_1_1-1-7\" class=\"sr7-layer\"><noscript><img decoding=\"async\" src=\"https:\/\/berriesstudio.pl\/wp-content\/uploads\/2025\/06\/11-69-z-134-scaled.jpg\" alt=\"\" title=\"11 (69 z 134)\"><\/noscript><\/sr7-bg>\n\t\t\t\t\t\t\t<sr7-txt id=\"SR7_1_1-1-2\" class=\"sr7-layer\">Ka\u017cda marka ma potencja\u0142 - <br \/>poka\u017cmy j\u0105 razem \u015bwiatu<\/sr7-txt>\n\t\t\t\t\t\t<\/sr7-slide>\n\t\t\t\t\t\t<sr7-slide id=\"SR7_1_1-4\" data-key=\"4\">\n\t\t\t\t\t\t\t<sr7-txt id=\"SR7_1_1-4-5\" class=\"sr7-layer\">PRZEWI\u0143 NI\u017bEJ<\/sr7-txt>\n\t\t\t\t\t\t\t<sr7-txt id=\"SR7_1_1-4-6\" class=\"sr7-layer\"><svg xmlns=\"http:\/\/www.w3.org\/2000\/svg\" xmlns:xlink=\"http:\/\/www.w3.org\/1999\/xlink\" x=\"0px\" y=\"0px\" width=\"32px\" height=\"32px\" viewBox=\"0 0 32 32\" enable-background=\"new 0 0 32 32\" xml:space=\"preserve\">\n<g>\n\t<rect fill=\"none\" width=\"32\" height=\"32\"\/>\n\t<path d=\"M17,18V4h-2v14H9l7,10l7-10H17z M15.96,24.512L12.841,20H19h0.079L15.96,24.512z\"\/>\n<\/g>\n<\/svg><\/sr7-txt>\n\t\t\t\t\t\t\t<sr7-txt id=\"SR7_1_1-4-8\" class=\"sr7-layer\"><span class=\"slider-social-menu\">\n\t\n\t<a href=\"https:\/\/www.instagram.com\/berriesstudio.pl\" target=\"_blank\" rel=\"nofollow\"><i class=\"fa fa-instagram\"><\/i><\/a>\n<a href=\"https:\/\/wa.me\/48789051234\" target=\"_blank\" rel=\"nofollow\"><i class=\"fa fa-whatsapp\"><\/i><\/a>\n\t<\/sr7-txt>\n\t\t\t\t\t\t<\/sr7-slide>\n\t\t\t\t\t<\/sr7-content>\n\t\t\t\t\t<image_lists style=\"display:none\">\n\t\t\t\t\t\t<img data-src=\"\/\/berriesstudio.pl\/wp-content\/uploads\/2025\/06\/11-69-z-134-scaled.jpg\" data-libid=\"3542\" data-lib=\"medialibrary\" title=\"11 (69 z 134)\" width=\"0\" height=\"0\" data-dbsrc=\"Ly9iZXJyaWVzc3R1ZGlvLnBsL3dwLWNvbnRlbnQvdXBsb2Fkcy8yMDI1LzA2LzExLTY5LXotMTM0LXNjYWxlZC5qcGc=\"\/>\n\t\t\t\t\t\t<img data-src=\"\/\/berriesstudio.pl\/wp-content\/uploads\/2025\/06\/slide2.jpg\" data-libid=\"3543\" data-lib=\"medialibrary\" title=\"slide2\" width=\"0\" height=\"0\" data-dbsrc=\"Ly9iZXJyaWVzc3R1ZGlvLnBsL3dwLWNvbnRlbnQvdXBsb2Fkcy8yMDI1LzA2L3NsaWRlMi5qcGc=\"\/>\n\t\t\t\t\t\t<img data-src=\"\/\/berriesstudio.pl\/wp-content\/uploads\/2025\/06\/slide3.jpg\" data-libid=\"3544\" data-lib=\"medialibrary\" title=\"slide3\" width=\"0\" height=\"0\" data-dbsrc=\"Ly9iZXJyaWVzc3R1ZGlvLnBsL3dwLWNvbnRlbnQvdXBsb2Fkcy8yMDI1LzA2L3NsaWRlMy5qcGc=\"\/>\n\t\t\t\t\t<\/image_lists>\n\t\t\t\t<\/sr7-module>\n\t\t\t\t<script>\n\t\t\t\t\tSR7.PMH ??={}; SR7.PMH[\"SR7_1_1\"] = {cn:100,state:false,fn: function() { if (_tpt!==undefined && _tpt.prepareModuleHeight !== undefined) {  _tpt.prepareModuleHeight({id:\"SR7_1_1\",el:[1200,1200,768,960,720],type:'standard',shdw:'0',gh:[1200,1200,768,960,720],gw:[1400,1400,944,688,480],vpt:['-100px&#039;,&#039;-100px&#039;,&#039;-100px&#039;,&#039;-100px&#039;,&#039;-100px'],size:{fullWidth:true, fullHeight:true},fho:'#topbar, #wpadminbar,',mh:'0',onh:0,onw:0,bg:{color:'{\"orig\":\"transparent\",\"type\":\"solid\",\"string\":\"transparent\"}'},plType:'2',plColor:'#000000'});   SR7.PMH[\"SR7_1_1\"].state=true;} else if(SR7.PMH[\"SR7_1_1\"].cn-->0)\tsetTimeout( SR7.PMH[\"SR7_1_1\"].fn,19);}};SR7.PMH[\"SR7_1_1\" ].fn();\n\t\t\t\t<\/script>\n<\/div>\n\n\t\t\t\t\t\t<\/div>\n\t\t\t\t<\/div>\n\t\t\t\t\t<\/div>\n\t\t<\/div>\n\t\t\t\t\t<\/div>\n\t\t<\/section>\n\t\t<div class=\"elementor-element elementor-element-51f8539 omnie e-flex e-con-boxed e-con e-parent\" data-id=\"51f8539\" data-element_type=\"container\" data-e-type=\"container\" id=\"omnie\" data-settings=\"{&quot;background_background&quot;:&quot;classic&quot;}\">\n\t\t\t\t\t<div class=\"e-con-inner\">\n\t\t<div class=\"elementor-element elementor-element-3746cd8 e-grid e-con-full e-con e-child\" data-id=\"3746cd8\" data-element_type=\"container\" data-e-type=\"container\">\n\t\t\t\t<div class=\"elementor-element elementor-element-05c5b39 elementor-widget elementor-widget-image\" data-id=\"05c5b39\" data-element_type=\"widget\" data-e-type=\"widget\" data-widget_type=\"image.default\">\n\t\t\t\t<div class=\"elementor-widget-container\">\n\t\t\t\t\t\t\t\t\t\t\t\t\t\t\t<img loading=\"lazy\" decoding=\"async\" width=\"1024\" height=\"1024\" src=\"https:\/\/berriesstudio.pl\/wp-content\/uploads\/2025\/06\/omnie-1024x1024.jpg\" class=\"attachment-large size-large wp-image-3537\" alt=\"\" srcset=\"https:\/\/berriesstudio.pl\/wp-content\/uploads\/2025\/06\/omnie-1024x1024.jpg 1024w, https:\/\/berriesstudio.pl\/wp-content\/uploads\/2025\/06\/omnie-300x300.jpg 300w, https:\/\/berriesstudio.pl\/wp-content\/uploads\/2025\/06\/omnie-150x150.jpg 150w, https:\/\/berriesstudio.pl\/wp-content\/uploads\/2025\/06\/omnie-768x768.jpg 768w, https:\/\/berriesstudio.pl\/wp-content\/uploads\/2025\/06\/omnie-1536x1536.jpg 1536w, https:\/\/berriesstudio.pl\/wp-content\/uploads\/2025\/06\/omnie-2048x2048.jpg 2048w, https:\/\/berriesstudio.pl\/wp-content\/uploads\/2025\/06\/omnie-660x660.jpg 660w, https:\/\/berriesstudio.pl\/wp-content\/uploads\/2025\/06\/omnie-840x840.jpg 840w\" sizes=\"(max-width: 1024px) 100vw, 1024px\" \/>\t\t\t\t\t\t\t\t\t\t\t\t\t\t\t<\/div>\n\t\t\t\t<\/div>\n\t\t\t\t<div class=\"elementor-element elementor-element-e04476d elementor-widget elementor-widget-text-editor\" data-id=\"e04476d\" data-element_type=\"widget\" data-e-type=\"widget\" data-widget_type=\"text-editor.default\">\n\t\t\t\t<div class=\"elementor-widget-container\">\n\t\t\t\t\t\t\t\t\t<h4>Cze\u015b\u0107! Tu Jagoda, kreatywna dusza z wielk\u0105 pasj\u0105 do tworzenia i zami\u0142owaniem do pi\u0119knych kadr\u00f3w. Z wykszta\u0142cenia magister marketingu &#8211; trend\u00f3w i designu. Zawodowo &#8211; tw\u00f3rczyni contentu, specjalistka od social medi\u00f3w i stylistka mody &#8211; czyli to wszystko, co daje mi najwi\u0119ksz\u0105\u00a0rado\u015b\u0107.<\/h4><p><a href=\"https:\/\/berriesstudio.pl\/wp-content\/uploads\/2025\/06\/podpissuuui.png\"><img loading=\"lazy\" decoding=\"async\" class=\"wp-image-3545 size-medium aligncenter\" src=\"https:\/\/berriesstudio.pl\/wp-content\/uploads\/2025\/06\/podpissuuui-300x160.png\" alt=\"\" width=\"300\" height=\"160\" srcset=\"https:\/\/berriesstudio.pl\/wp-content\/uploads\/2025\/06\/podpissuuui-300x160.png 300w, https:\/\/berriesstudio.pl\/wp-content\/uploads\/2025\/06\/podpissuuui-1024x546.png 1024w, https:\/\/berriesstudio.pl\/wp-content\/uploads\/2025\/06\/podpissuuui-768x409.png 768w, https:\/\/berriesstudio.pl\/wp-content\/uploads\/2025\/06\/podpissuuui-1536x819.png 1536w, https:\/\/berriesstudio.pl\/wp-content\/uploads\/2025\/06\/podpissuuui-660x352.png 660w, https:\/\/berriesstudio.pl\/wp-content\/uploads\/2025\/06\/podpissuuui-840x448.png 840w, https:\/\/berriesstudio.pl\/wp-content\/uploads\/2025\/06\/podpissuuui.png 1726w\" sizes=\"(max-width: 300px) 100vw, 300px\" \/><\/a><\/p>\t\t\t\t\t\t\t\t<\/div>\n\t\t\t\t<\/div>\n\t\t\t\t<\/div>\n\t\t\t\t\t<\/div>\n\t\t\t\t<\/div>\n\t\t<div class=\"elementor-element elementor-element-aba844b e-flex e-con-boxed e-con e-parent\" data-id=\"aba844b\" data-element_type=\"container\" data-e-type=\"container\">\n\t\t\t\t\t<div class=\"e-con-inner\">\n\t\t\t\t<div class=\"elementor-element elementor-element-4ee8942 elementor-widget-divider--view-line_text elementor-widget-divider--element-align-center elementor-widget elementor-widget-divider\" data-id=\"4ee8942\" data-element_type=\"widget\" data-e-type=\"widget\" data-widget_type=\"divider.default\">\n\t\t\t\t<div class=\"elementor-widget-container\">\n\t\t\t\t\t\t\t<div class=\"elementor-divider\">\n\t\t\t<span class=\"elementor-divider-separator\">\n\t\t\t\t\t\t\t<span class=\"elementor-divider__text elementor-divider__element\">\n\t\t\t\tUS\u0141UGI\t\t\t\t<\/span>\n\t\t\t\t\t\t<\/span>\n\t\t<\/div>\n\t\t\t\t\t\t<\/div>\n\t\t\t\t<\/div>\n\t\t\t\t\t<\/div>\n\t\t\t\t<\/div>\n\t\t<div class=\"elementor-element elementor-element-73a1746 e-grid e-con-full uslugi e-con e-parent\" data-id=\"73a1746\" data-element_type=\"container\" data-e-type=\"container\" id=\"uslugi\">\n\t\t\t\t<div class=\"elementor-element elementor-element-38361f5 elementor-widget elementor-widget-image\" data-id=\"38361f5\" data-element_type=\"widget\" data-e-type=\"widget\" data-widget_type=\"image.default\">\n\t\t\t\t<div class=\"elementor-widget-container\">\n\t\t\t\t\t\t\t\t\t\t\t\t\t\t\t<img loading=\"lazy\" decoding=\"async\" width=\"683\" height=\"1024\" src=\"https:\/\/berriesstudio.pl\/wp-content\/uploads\/2025\/06\/11-68-z-134-683x1024.jpg\" class=\"attachment-large size-large wp-image-3549\" alt=\"\" srcset=\"https:\/\/berriesstudio.pl\/wp-content\/uploads\/2025\/06\/11-68-z-134-683x1024.jpg 683w, https:\/\/berriesstudio.pl\/wp-content\/uploads\/2025\/06\/11-68-z-134-200x300.jpg 200w, https:\/\/berriesstudio.pl\/wp-content\/uploads\/2025\/06\/11-68-z-134-768x1152.jpg 768w, https:\/\/berriesstudio.pl\/wp-content\/uploads\/2025\/06\/11-68-z-134-1024x1536.jpg 1024w, https:\/\/berriesstudio.pl\/wp-content\/uploads\/2025\/06\/11-68-z-134-1365x2048.jpg 1365w, https:\/\/berriesstudio.pl\/wp-content\/uploads\/2025\/06\/11-68-z-134-660x990.jpg 660w, https:\/\/berriesstudio.pl\/wp-content\/uploads\/2025\/06\/11-68-z-134-840x1260.jpg 840w, https:\/\/berriesstudio.pl\/wp-content\/uploads\/2025\/06\/11-68-z-134-scaled.jpg 1707w\" sizes=\"(max-width: 683px) 100vw, 683px\" \/>\t\t\t\t\t\t\t\t\t\t\t\t\t\t\t<\/div>\n\t\t\t\t<\/div>\n\t\t\t\t<div class=\"elementor-element elementor-element-280d416 elementor-widget elementor-widget-text-editor\" data-id=\"280d416\" data-element_type=\"widget\" data-e-type=\"widget\" data-widget_type=\"text-editor.default\">\n\t\t\t\t<div class=\"elementor-widget-container\">\n\t\t\t\t\t\t\t\t\t<p><strong>Tworzenie rolek<\/strong> &#8211; Chcesz pokaza\u0107 innym swoje produkty, zareklamowa\u0107 us\u0142ugi, podzieli\u0107 si\u0119 z innymi tym, co robisz? Pomog\u0119 Ci! Stworz\u0119 dla Ciebie kr\u00f3tkie filmy prezentuj\u0105ce Twoj\u0105 mark\u0119 w spos\u00f3b kreatywny, estetyczny, czasem zabawny, ale zawsze profesjonalny. Wszystko dostosowane do Twoich preferencji, z dba\u0142o\u015bci\u0105 o jako\u015b\u0107 wizualn\u0105 i merytoryczn\u0105.<\/p>\t\t\t\t\t\t\t\t<\/div>\n\t\t\t\t<\/div>\n\t\t\t\t<div class=\"elementor-element elementor-element-d0e8c3a elementor-widget elementor-widget-text-editor\" data-id=\"d0e8c3a\" data-element_type=\"widget\" data-e-type=\"widget\" data-widget_type=\"text-editor.default\">\n\t\t\t\t<div class=\"elementor-widget-container\">\n\t\t\t\t\t\t\t\t\t<p><b>Prowadzenie social medi\u00f3w<\/b> &#8211; Robisz \u015bwietne rzeczy, ale brakuje Ci wiedzy jak pokaza\u0107 to w internecie i czasu, by si\u0119 tym zaj\u0105\u0107? Ogarn\u0119 to! Nie mo\u017cemy pozwoli\u0107, by potencja\u0142 Twojej marki pozosta\u0142 niewykorzystany tylko dlatego, \u017ce nie pokazujesz jej w sieci. Poprowadz\u0119 Twoje kana\u0142y spo\u0142eczno\u015bciowe, aby Twoja firma zyska\u0142a nie tylko rozg\u0142os, ale te\u017c zbudowa\u0142a relacj\u0119 z klientami, tymi sta\u0142ymi i tymi potencjalnymi.<\/p>\t\t\t\t\t\t\t\t<\/div>\n\t\t\t\t<\/div>\n\t\t\t\t<div class=\"elementor-element elementor-element-57ebbc8 elementor-widget elementor-widget-image\" data-id=\"57ebbc8\" data-element_type=\"widget\" data-e-type=\"widget\" data-widget_type=\"image.default\">\n\t\t\t\t<div class=\"elementor-widget-container\">\n\t\t\t\t\t\t\t\t\t\t\t\t\t\t\t<img loading=\"lazy\" decoding=\"async\" width=\"683\" height=\"1024\" src=\"https:\/\/berriesstudio.pl\/wp-content\/uploads\/2025\/06\/11-29-z-134-683x1024.jpg\" class=\"attachment-large size-large wp-image-3550\" alt=\"\" srcset=\"https:\/\/berriesstudio.pl\/wp-content\/uploads\/2025\/06\/11-29-z-134-683x1024.jpg 683w, https:\/\/berriesstudio.pl\/wp-content\/uploads\/2025\/06\/11-29-z-134-200x300.jpg 200w, https:\/\/berriesstudio.pl\/wp-content\/uploads\/2025\/06\/11-29-z-134-768x1152.jpg 768w, https:\/\/berriesstudio.pl\/wp-content\/uploads\/2025\/06\/11-29-z-134-1024x1536.jpg 1024w, https:\/\/berriesstudio.pl\/wp-content\/uploads\/2025\/06\/11-29-z-134-1365x2048.jpg 1365w, https:\/\/berriesstudio.pl\/wp-content\/uploads\/2025\/06\/11-29-z-134-660x990.jpg 660w, https:\/\/berriesstudio.pl\/wp-content\/uploads\/2025\/06\/11-29-z-134-840x1260.jpg 840w, https:\/\/berriesstudio.pl\/wp-content\/uploads\/2025\/06\/11-29-z-134-scaled.jpg 1707w\" sizes=\"(max-width: 683px) 100vw, 683px\" \/>\t\t\t\t\t\t\t\t\t\t\t\t\t\t\t<\/div>\n\t\t\t\t<\/div>\n\t\t\t\t<div class=\"elementor-element elementor-element-005a2b5 elementor-widget elementor-widget-image\" data-id=\"005a2b5\" data-element_type=\"widget\" data-e-type=\"widget\" data-widget_type=\"image.default\">\n\t\t\t\t<div class=\"elementor-widget-container\">\n\t\t\t\t\t\t\t\t\t\t\t\t\t\t\t<img loading=\"lazy\" decoding=\"async\" width=\"683\" height=\"1024\" src=\"https:\/\/berriesstudio.pl\/wp-content\/uploads\/2025\/06\/11-102-z-134-683x1024.jpg\" class=\"attachment-large size-large wp-image-3551\" alt=\"\" srcset=\"https:\/\/berriesstudio.pl\/wp-content\/uploads\/2025\/06\/11-102-z-134-683x1024.jpg 683w, https:\/\/berriesstudio.pl\/wp-content\/uploads\/2025\/06\/11-102-z-134-200x300.jpg 200w, https:\/\/berriesstudio.pl\/wp-content\/uploads\/2025\/06\/11-102-z-134-768x1152.jpg 768w, https:\/\/berriesstudio.pl\/wp-content\/uploads\/2025\/06\/11-102-z-134-1024x1536.jpg 1024w, https:\/\/berriesstudio.pl\/wp-content\/uploads\/2025\/06\/11-102-z-134-1365x2048.jpg 1365w, https:\/\/berriesstudio.pl\/wp-content\/uploads\/2025\/06\/11-102-z-134-660x990.jpg 660w, https:\/\/berriesstudio.pl\/wp-content\/uploads\/2025\/06\/11-102-z-134-840x1260.jpg 840w, https:\/\/berriesstudio.pl\/wp-content\/uploads\/2025\/06\/11-102-z-134-scaled.jpg 1707w\" sizes=\"(max-width: 683px) 100vw, 683px\" \/>\t\t\t\t\t\t\t\t\t\t\t\t\t\t\t<\/div>\n\t\t\t\t<\/div>\n\t\t\t\t<div class=\"elementor-element elementor-element-ee7e2e6 elementor-widget elementor-widget-text-editor\" data-id=\"ee7e2e6\" data-element_type=\"widget\" data-e-type=\"widget\" data-widget_type=\"text-editor.default\">\n\t\t\t\t<div class=\"elementor-widget-container\">\n\t\t\t\t\t\t\t\t\t<p><strong>Szkolenia<\/strong> &#8211; Wiem, \u017ce dla niekt\u00f3rych marketing cyfrowy to czarna magia &#8211; nie ma w tym nic z\u0142ego. Je\u015bli jednak chcesz, by Twoja marka si\u0119 rozwija\u0142a, prezentowanie jej w sieci to ju\u017c konieczno\u015b\u0107. Ch\u0119tnie poka\u017c\u0119 Ci jak dzia\u0142aj\u0105 platformy spo\u0142eczno\u015bciowe, w jaki spos\u00f3b tworzy\u0107 tre\u015bci, gdzie co klikn\u0105\u0107 i jak montowa\u0107 szybkie rolki, je\u015bli chcesz robi\u0107 to samodzielnie. Zaczniemy od podstaw, ze spokojem i empati\u0105.<\/p>\t\t\t\t\t\t\t\t<\/div>\n\t\t\t\t<\/div>\n\t\t\t\t<div class=\"elementor-element elementor-element-14a9e8c elementor-widget elementor-widget-text-editor\" data-id=\"14a9e8c\" data-element_type=\"widget\" data-e-type=\"widget\" data-widget_type=\"text-editor.default\">\n\t\t\t\t<div class=\"elementor-widget-container\">\n\t\t\t\t\t\t\t\t\t<p><strong>Stylizacja sesji zdj\u0119ciowych<\/strong> &#8211; Z mod\u0105 jestem zwi\u0105zana od lat, prywatnie i zawodowo. <br \/>Z przyjemno\u015bci\u0105 przygotuj\u0119 stylizacje do sesji zdj\u0119ciowej i nagra\u0144 wideo. Je\u015bli jeste\u015b mark\u0105 modow\u0105 skomponuj\u0119 Twoje produkty w ca\u0142o\u015b\u0107, by prezentowa\u0142y si\u0119 jak najlepiej, tworz\u0105c sp\u00f3jny, przyci\u0105gaj\u0105cy oko outfit.<\/p>\t\t\t\t\t\t\t\t<\/div>\n\t\t\t\t<\/div>\n\t\t\t\t<div class=\"elementor-element elementor-element-d47e423 elementor-widget elementor-widget-image\" data-id=\"d47e423\" data-element_type=\"widget\" data-e-type=\"widget\" data-widget_type=\"image.default\">\n\t\t\t\t<div class=\"elementor-widget-container\">\n\t\t\t\t\t\t\t\t\t\t\t\t\t\t\t<img loading=\"lazy\" decoding=\"async\" width=\"683\" height=\"1024\" src=\"https:\/\/berriesstudio.pl\/wp-content\/uploads\/2025\/06\/11-41-z-134-683x1024.jpg\" class=\"attachment-large size-large wp-image-3552\" alt=\"\" srcset=\"https:\/\/berriesstudio.pl\/wp-content\/uploads\/2025\/06\/11-41-z-134-683x1024.jpg 683w, https:\/\/berriesstudio.pl\/wp-content\/uploads\/2025\/06\/11-41-z-134-200x300.jpg 200w, https:\/\/berriesstudio.pl\/wp-content\/uploads\/2025\/06\/11-41-z-134-768x1152.jpg 768w, https:\/\/berriesstudio.pl\/wp-content\/uploads\/2025\/06\/11-41-z-134-1024x1536.jpg 1024w, https:\/\/berriesstudio.pl\/wp-content\/uploads\/2025\/06\/11-41-z-134-1365x2048.jpg 1365w, https:\/\/berriesstudio.pl\/wp-content\/uploads\/2025\/06\/11-41-z-134-660x990.jpg 660w, https:\/\/berriesstudio.pl\/wp-content\/uploads\/2025\/06\/11-41-z-134-840x1260.jpg 840w, https:\/\/berriesstudio.pl\/wp-content\/uploads\/2025\/06\/11-41-z-134-scaled.jpg 1707w\" sizes=\"(max-width: 683px) 100vw, 683px\" \/>\t\t\t\t\t\t\t\t\t\t\t\t\t\t\t<\/div>\n\t\t\t\t<\/div>\n\t\t\t\t<\/div>\n\t\t<div class=\"elementor-element elementor-element-55038dd e-flex e-con-boxed e-con e-parent\" data-id=\"55038dd\" data-element_type=\"container\" data-e-type=\"container\">\n\t\t\t\t\t<div class=\"e-con-inner\">\n\t\t\t\t<div class=\"elementor-element elementor-element-b3bab62 elementor-widget-divider--view-line_text elementor-widget-divider--element-align-center elementor-widget elementor-widget-divider\" data-id=\"b3bab62\" data-element_type=\"widget\" data-e-type=\"widget\" data-widget_type=\"divider.default\">\n\t\t\t\t<div class=\"elementor-widget-container\">\n\t\t\t\t\t\t\t<div class=\"elementor-divider\">\n\t\t\t<span class=\"elementor-divider-separator\">\n\t\t\t\t\t\t<\/span>\n\t\t<\/div>\n\t\t\t\t\t\t<\/div>\n\t\t\t\t<\/div>\n\t\t\t\t\t<\/div>\n\t\t\t\t<\/div>\n\t\t\t\t<section class=\"elementor-section elementor-top-section elementor-element elementor-element-35af656 elementor-section-boxed elementor-section-height-default elementor-section-height-default\" data-id=\"35af656\" data-element_type=\"section\" data-e-type=\"section\">\n\t\t\t\t\t\t<div class=\"elementor-container elementor-column-gap-default\">\n\t\t\t\t\t<div class=\"elementor-column elementor-col-100 elementor-top-column elementor-element elementor-element-5b31711\" data-id=\"5b31711\" data-element_type=\"column\" data-e-type=\"column\">\n\t\t\t<div class=\"elementor-widget-wrap elementor-element-populated\">\n\t\t\t\t\t\t<div class=\"elementor-element elementor-element-9e8361e elementor-widget elementor-widget-konte-heading\" data-id=\"9e8361e\" data-element_type=\"widget\" data-e-type=\"widget\" data-widget_type=\"konte-heading.default\">\n\t\t\t\t<div class=\"elementor-widget-container\">\n\t\t\t\t\t<h2 class=\"konte-heading-title konte-heading-title--default\">Napisz do mnie<\/h2>\t\t\t\t<\/div>\n\t\t\t\t<\/div>\n\t\t\t\t<div class=\"elementor-element elementor-element-d2872e2 elementor-widget elementor-widget-shortcode\" data-id=\"d2872e2\" data-element_type=\"widget\" data-e-type=\"widget\" data-widget_type=\"shortcode.default\">\n\t\t\t\t<div class=\"elementor-widget-container\">\n\t\t\t\t\t\t\t<div class=\"elementor-shortcode\">\n<div class=\"wpcf7 no-js\" id=\"wpcf7-f2262-o1\" lang=\"en-US\" dir=\"ltr\" data-wpcf7-id=\"2262\">\n<div class=\"screen-reader-response\"><p role=\"status\" aria-live=\"polite\" aria-atomic=\"true\"><\/p> <ul><\/ul><\/div>\n<form action=\"\/index.php?rest_route=%2Fwp%2Fv2%2Fpages%2F3141#wpcf7-f2262-o1\" method=\"post\" class=\"wpcf7-form init\" aria-label=\"Contact form\" novalidate=\"novalidate\" data-status=\"init\">\n<fieldset class=\"hidden-fields-container\"><input type=\"hidden\" name=\"_wpcf7\" value=\"2262\" \/><input type=\"hidden\" name=\"_wpcf7_version\" value=\"6.1.5\" \/><input type=\"hidden\" name=\"_wpcf7_locale\" value=\"en_US\" \/><input type=\"hidden\" name=\"_wpcf7_unit_tag\" value=\"wpcf7-f2262-o1\" \/><input type=\"hidden\" name=\"_wpcf7_container_post\" value=\"0\" \/><input type=\"hidden\" name=\"_wpcf7_posted_data_hash\" value=\"\" \/>\n<\/fieldset>\n<div class=\"row gap-70\">\n\t<div class=\"col-sm-6 col\">\n\t\t<p><label><span class=\"label\">Imi\u0119<\/span><span class=\"wpcf7-form-control-wrap\" data-name=\"your-name\"><input size=\"40\" maxlength=\"400\" class=\"wpcf7-form-control wpcf7-text wpcf7-validates-as-required\" aria-required=\"true\" aria-invalid=\"false\" value=\"\" type=\"text\" name=\"your-name\" \/><\/span><\/label>\n\t\t<\/p>\n\t<\/div>\n\t<div class=\"col-sm-6 col\">\n\t\t<p><label><span class=\"label\">Email<\/span><span class=\"wpcf7-form-control-wrap\" data-name=\"your-email\"><input size=\"40\" maxlength=\"400\" class=\"wpcf7-form-control wpcf7-email wpcf7-validates-as-required wpcf7-text wpcf7-validates-as-email\" aria-required=\"true\" aria-invalid=\"false\" value=\"\" type=\"email\" name=\"your-email\" \/><\/span><\/label>\n\t\t<\/p>\n\t<\/div>\n<\/div>\n<div class=\"row\">\n\t<div class=\"col-sm-12 col\">\n\t\t<p><label><span class=\"label\">Temat<\/span><span class=\"wpcf7-form-control-wrap\" data-name=\"your-subject\"><input size=\"40\" maxlength=\"400\" class=\"wpcf7-form-control wpcf7-text\" aria-invalid=\"false\" value=\"\" type=\"text\" name=\"your-subject\" \/><\/span><\/label>\n\t\t<\/p>\n\t<\/div>\n<\/div>\n<div class=\"row\">\n\t<div class=\"col-sm-12 col\">\n\t\t<p><label><span class=\"label\">Wiadomo\u015b\u0107<\/span><span class=\"wpcf7-form-control-wrap\" data-name=\"your-message\"><textarea cols=\"40\" rows=\"10\" maxlength=\"2000\" class=\"wpcf7-form-control wpcf7-textarea\" aria-invalid=\"false\" name=\"your-message\"><\/textarea><\/span><\/label>\n\t\t<\/p>\n\t<\/div>\n<\/div>\n<p><input class=\"wpcf7-form-control wpcf7-submit has-spinner\" type=\"submit\" value=\"Wy\u015blij\" \/>\n<\/p><div class=\"wpcf7-response-output\" aria-hidden=\"true\"><\/div>\n<\/form>\n<\/div>\n<\/div>\n\t\t\t\t\t\t<\/div>\n\t\t\t\t<\/div>\n\t\t\t\t\t<\/div>\n\t\t<\/div>\n\t\t\t\t\t<\/div>\n\t\t<\/section>\n\t\t\t\t<\/div>\n\t\t","protected":false},"excerpt":{"rendered":"<p>Cze\u015b\u0107! Tu Jagoda, kreatywna dusza z wielk\u0105 pasj\u0105 do tworzenia i zami\u0142owaniem do pi\u0119knych kadr\u00f3w. Z wykszta\u0142cenia magister marketingu &#8211; trend\u00f3w i designu. Zawodowo &#8211; tw\u00f3rczyni contentu, specjalistka od social&hellip;<\/p>\n","protected":false},"author":1,"featured_media":0,"parent":0,"menu_order":0,"comment_status":"closed","ping_status":"closed","template":"templates\/large-container.php","meta":{"footnotes":""},"class_list":["post-3141","page","type-page","status-publish","hentry"],"_links":{"self":[{"href":"https:\/\/berriesstudio.pl\/index.php?rest_route=\/wp\/v2\/pages\/3141","targetHints":{"allow":["GET"]}}],"collection":[{"href":"https:\/\/berriesstudio.pl\/index.php?rest_route=\/wp\/v2\/pages"}],"about":[{"href":"https:\/\/berriesstudio.pl\/index.php?rest_route=\/wp\/v2\/types\/page"}],"author":[{"embeddable":true,"href":"https:\/\/berriesstudio.pl\/index.php?rest_route=\/wp\/v2\/users\/1"}],"replies":[{"embeddable":true,"href":"https:\/\/berriesstudio.pl\/index.php?rest_route=%2Fwp%2Fv2%2Fcomments&post=3141"}],"version-history":[{"count":120,"href":"https:\/\/berriesstudio.pl\/index.php?rest_route=\/wp\/v2\/pages\/3141\/revisions"}],"predecessor-version":[{"id":3581,"href":"https:\/\/berriesstudio.pl\/index.php?rest_route=\/wp\/v2\/pages\/3141\/revisions\/3581"}],"wp:attachment":[{"href":"https:\/\/berriesstudio.pl\/index.php?rest_route=%2Fwp%2Fv2%2Fmedia&parent=3141"}],"curies":[{"name":"wp","href":"https:\/\/api.w.org\/{rel}","templated":true}]}}